{"id":6562,"date":"2016-03-30T09:37:29","date_gmt":"2016-03-30T09:37:29","guid":{"rendered":"http:\/\/logistic-business.cmsmasters.net\/?page_id=6562"},"modified":"2022-02-16T11:54:12","modified_gmt":"2022-02-16T11:54:12","slug":"karayolu","status":"publish","type":"page","link":"https:\/\/www.timelog.com.tr\/?page_id=6562","title":{"rendered":"Karayolu Ta\u015f\u0131mac\u0131l\u0131\u011f\u0131"},"content":{"rendered":"<style type=\"text\/css\"> \n#cmsmasters_row_69f9ab626721c .cmsmasters_row_outer_parent { \n\tpadding-top: 0px; \n} \n\n#cmsmasters_row_69f9ab626721c .cmsmasters_row_outer_parent { \n\tpadding-bottom: 10px; \n} \n\n \n#cmsmasters_heading_69f9ab6267af5 { \n\ttext-align:left; \n\tmargin-top:0px; \n\tmargin-bottom:0px; \n} \n\n#cmsmasters_heading_69f9ab6267af5 .cmsmasters_heading { \n\ttext-align:left; \n} \n\n#cmsmasters_heading_69f9ab6267af5 .cmsmasters_heading, #cmsmasters_heading_69f9ab6267af5 .cmsmasters_heading a { \n\tfont-family:'Roboto Condensed'; \n\tfont-size:18px; \n\tline-height:24px; \n\tfont-weight:600; \n\tfont-style:normal; \n\tcolor:#a8a8a8;\n} \n\n#cmsmasters_heading_69f9ab6267af5 .cmsmasters_heading_divider { \n} \n\n \n#cmsmasters_heading_69f9ab6268140 { \n\ttext-align:left; \n\tmargin-top:0px; \n\tmargin-bottom:20px; \n} \n\n#cmsmasters_heading_69f9ab6268140 .cmsmasters_heading { \n\ttext-align:left; \n} \n\n#cmsmasters_heading_69f9ab6268140 .cmsmasters_heading, #cmsmasters_heading_69f9ab6268140 .cmsmasters_heading a { \n\tfont-size:28px; \n\tfont-weight:600; \n\tfont-style:normal; \n} \n\n#cmsmasters_heading_69f9ab6268140 .cmsmasters_heading_divider { \n} \n\n \n#cmsmasters_divider_69f9ab6268736 { \n\tborder-bottom-width:1px; \n\tborder-bottom-style:solid; \n\tpadding-top:0px; \n\tmargin-bottom:40px; \n} \n \n#cmsmasters_row_69f9ab6268993 .cmsmasters_row_outer_parent { \n\tpadding-top: 0px; \n} \n\n#cmsmasters_row_69f9ab6268993 .cmsmasters_row_outer_parent { \n\tpadding-bottom: 10px; \n} \n\n \n#cmsmasters_row_69f9ab6268b02 .cmsmasters_row_outer_parent { \n\tpadding-top: 0px; \n} \n\n#cmsmasters_row_69f9ab6268b02 .cmsmasters_row_outer_parent { \n\tpadding-bottom: 40px; \n} \n\n \n#cmsmasters_row_69f9ab6268bf6 .cmsmasters_row_outer_parent { \n\tpadding-top: 0px; \n} \n\n#cmsmasters_row_69f9ab6268bf6 .cmsmasters_row_outer_parent { \n\tpadding-bottom: 0px; \n} \n\n \n#cmsmasters_divider_69f9ab626933b { \n\tborder-bottom-width:1px; \n\tborder-bottom-style:solid; \n\tpadding-top:0px; \n\tmargin-bottom:40px; \n} \n \n#cmsmasters_row_69f9ab6269372 .cmsmasters_row_outer_parent { \n\tpadding-bottom: 50px; \n} \n\n \n#cmsmasters_icon_box_69f9ab6269aa9 { \n\tborder-width:1px; \n\tbackground-color:#fcfcfc;\n\tborder-color:#e4e4e4;\n} \n\n#cmsmasters_icon_box_69f9ab6269aa9:before, \n#cmsmasters_icon_box_69f9ab6269aa9 .icon_box_heading:before { \n\tfont-size:30px; \n\tline-height:60px; \n\twidth:60px; \n\theight:60px; \n\tborder-width:0px; \n\t-webkit-border-radius:50%; \n\tborder-radius:50%; \n\tcolor:#ffffff;\n\tbackground-color:#f02830;\n} \n\n#cmsmasters_icon_box_69f9ab6269aa9.cmsmasters_icon_heading_left, \n#cmsmasters_icon_box_69f9ab6269aa9.cmsmasters_icon_top, \n#cmsmasters_icon_box_69f9ab6269aa9.cmsmasters_icon_box_left_top { \n\tpadding:30px 20px; } \n\n#cmsmasters_icon_box_69f9ab6269aa9.cmsmasters_icon_top:before { \n\ttop:30px;} \n\n#cmsmasters_icon_box_69f9ab6269aa9.cmsmasters_icon_box_left, \n#cmsmasters_icon_box_69f9ab6269aa9.cmsmasters_icon_box_left_top { \n\tpadding-left:60px; \n\tmargin-left:30px; \n\t} \n\n#cmsmasters_icon_box_69f9ab6269aa9.cmsmasters_icon_box_left:before, \n#cmsmasters_icon_box_69f9ab6269aa9.cmsmasters_icon_box_left_top:before { \n\tleft:-30px; \n\t} \n\n#cmsmasters_icon_box_69f9ab6269aa9.cmsmasters_icon_box_left_top { \n\tpadding-top:30px; \n\tmargin-top:60px; \n\t} \n\n#cmsmasters_icon_box_69f9ab6269aa9.cmsmasters_icon_box_left_top:before { \n\tmargin-top:-30px; \n\t} \n\n \n#cmsmasters_divider_69f9ab626a0fc { \n\tborder-bottom-width:0px; \n\tborder-bottom-style:solid; \n\tpadding-top:0px; \n\tmargin-bottom:40px; \n} \n \n#cmsmasters_icon_box_69f9ab626a71e { \n\tborder-width:1px; \n\tbackground-color:#fcfcfc;\n\tborder-color:#e4e4e4;\n} \n\n#cmsmasters_icon_box_69f9ab626a71e:before, \n#cmsmasters_icon_box_69f9ab626a71e .icon_box_heading:before { \n\tfont-size:30px; \n\tline-height:60px; \n\twidth:60px; \n\theight:60px; \n\tborder-width:0px; \n\t-webkit-border-radius:50%; \n\tborder-radius:50%; \n\tcolor:#ffffff;\n\tbackground-color:#f02830;\n} \n\n#cmsmasters_icon_box_69f9ab626a71e.cmsmasters_icon_heading_left, \n#cmsmasters_icon_box_69f9ab626a71e.cmsmasters_icon_top, \n#cmsmasters_icon_box_69f9ab626a71e.cmsmasters_icon_box_left_top { \n\tpadding:30px 20px; } \n\n#cmsmasters_icon_box_69f9ab626a71e.cmsmasters_icon_top:before { \n\ttop:30px;} \n\n#cmsmasters_icon_box_69f9ab626a71e.cmsmasters_icon_box_left, \n#cmsmasters_icon_box_69f9ab626a71e.cmsmasters_icon_box_left_top { \n\tpadding-left:60px; \n\tmargin-left:30px; \n\t} \n\n#cmsmasters_icon_box_69f9ab626a71e.cmsmasters_icon_box_left:before, \n#cmsmasters_icon_box_69f9ab626a71e.cmsmasters_icon_box_left_top:before { \n\tleft:-30px; \n\t} \n\n#cmsmasters_icon_box_69f9ab626a71e.cmsmasters_icon_box_left_top { \n\tpadding-top:30px; \n\tmargin-top:60px; \n\t} \n\n#cmsmasters_icon_box_69f9ab626a71e.cmsmasters_icon_box_left_top:before { \n\tmargin-top:-30px; \n\t} \n\n \n#cmsmasters_icon_box_69f9ab626ad99 { \n\tborder-width:1px; \n\tbackground-color:#fcfcfc;\n\tborder-color:#e4e4e4;\n} \n\n#cmsmasters_icon_box_69f9ab626ad99:before, \n#cmsmasters_icon_box_69f9ab626ad99 .icon_box_heading:before { \n\tfont-size:30px; \n\tline-height:60px; \n\twidth:60px; \n\theight:60px; \n\tborder-width:0px; \n\t-webkit-border-radius:50%; \n\tborder-radius:50%; \n} \n\n#cmsmasters_icon_box_69f9ab626ad99.cmsmasters_icon_heading_left, \n#cmsmasters_icon_box_69f9ab626ad99.cmsmasters_icon_top, \n#cmsmasters_icon_box_69f9ab626ad99.cmsmasters_icon_box_left_top { \n\tpadding:30px 20px; } \n\n#cmsmasters_icon_box_69f9ab626ad99.cmsmasters_icon_top:before { \n\ttop:30px;} \n\n#cmsmasters_icon_box_69f9ab626ad99.cmsmasters_icon_box_left, \n#cmsmasters_icon_box_69f9ab626ad99.cmsmasters_icon_box_left_top { \n\tpadding-left:60px; \n\tmargin-left:30px; \n\t} \n\n#cmsmasters_icon_box_69f9ab626ad99.cmsmasters_icon_box_left:before, \n#cmsmasters_icon_box_69f9ab626ad99.cmsmasters_icon_box_left_top:before { \n\tleft:-30px; \n\t} \n\n#cmsmasters_icon_box_69f9ab626ad99.cmsmasters_icon_box_left_top { \n\tpadding-top:30px; \n\tmargin-top:60px; \n\t} \n\n#cmsmasters_icon_box_69f9ab626ad99.cmsmasters_icon_box_left_top:before { \n\tmargin-top:-30px; \n\t} \n\n \n#cmsmasters_divider_69f9ab626b3bd { \n\tborder-bottom-width:0px; \n\tborder-bottom-style:solid; \n\tpadding-top:0px; \n\tmargin-bottom:40px; \n} \n \n#cmsmasters_icon_box_69f9ab626b9b9 { \n\tborder-width:1px; \n\tbackground-color:#fcfcfc;\n\tborder-color:#e4e4e4;\n} \n\n#cmsmasters_icon_box_69f9ab626b9b9:before, \n#cmsmasters_icon_box_69f9ab626b9b9 .icon_box_heading:before { \n\tfont-size:30px; \n\tline-height:60px; \n\twidth:60px; \n\theight:60px; \n\tborder-width:0px; \n\t-webkit-border-radius:50%; \n\tborder-radius:50%; \n} \n\n#cmsmasters_icon_box_69f9ab626b9b9.cmsmasters_icon_heading_left, \n#cmsmasters_icon_box_69f9ab626b9b9.cmsmasters_icon_top, \n#cmsmasters_icon_box_69f9ab626b9b9.cmsmasters_icon_box_left_top { \n\tpadding:30px 20px; } \n\n#cmsmasters_icon_box_69f9ab626b9b9.cmsmasters_icon_top:before { \n\ttop:30px;} \n\n#cmsmasters_icon_box_69f9ab626b9b9.cmsmasters_icon_box_left, \n#cmsmasters_icon_box_69f9ab626b9b9.cmsmasters_icon_box_left_top { \n\tpadding-left:60px; \n\tmargin-left:30px; \n\t} \n\n#cmsmasters_icon_box_69f9ab626b9b9.cmsmasters_icon_box_left:before, \n#cmsmasters_icon_box_69f9ab626b9b9.cmsmasters_icon_box_left_top:before { \n\tleft:-30px; \n\t} \n\n#cmsmasters_icon_box_69f9ab626b9b9.cmsmasters_icon_box_left_top { \n\tpadding-top:30px; \n\tmargin-top:60px; \n\t} \n\n#cmsmasters_icon_box_69f9ab626b9b9.cmsmasters_icon_box_left_top:before { \n\tmargin-top:-30px; \n\t} \n\n<\/style><p>[vc_row][vc_column][vc_column_text]<div id=\"cmsmasters_row_69f9ab626721c\" class=\"cmsmasters_row cmsmasters_color_scheme_default cmsmasters_row_top_default cmsmasters_row_bot_default cmsmasters_row_boxed\">\n<div class=\"cmsmasters_row_outer_parent\">\n<div class=\"cmsmasters_row_outer\">\n<div class=\"cmsmasters_row_inner\">\n<div class=\"cmsmasters_row_margin\">\n<div class=\"cmsmasters_column one_first\">\n\n<div id=\"cmsmasters_heading_69f9ab6267af5\" class=\"cmsmasters_heading_wrap cmsmasters_heading_align_left\">\n\t<h3 class=\"cmsmasters_heading\">h\u0130ZMETLER\u0130M\u0130Z<\/h3>\n<\/div>\n<div id=\"cmsmasters_heading_69f9ab6268140\" class=\"cmsmasters_heading_wrap cmsmasters_heading_align_left\">\n\t<h1 class=\"cmsmasters_heading\">KARAYOLU TA\u015eIMACILI\u011eI<\/h1>\n<\/div>\n<div id=\"cmsmasters_divider_69f9ab6268736\" class=\"cmsmasters_divider cmsmasters_divider_width_long cmsmasters_divider_pos_center\"><\/div><div class=\"cmsmasters_text\">\n<p>Mobil ileti\u015fim sistemleri ile donat\u0131lm\u0131\u015f geni\u015f ara\u00e7 filosu, geli\u015fmi\u015f bilgi teknolojileriyle g\u00fc\u00e7lendirilmi\u015f altyap\u0131s\u0131 ve uzman personeliyle Timelog Lojistik, kaliteli hizmet ilkesi do\u011frultusunda m\u00fc\u015fterilerine komple ara\u00e7 ve parsiyel ta\u015f\u0131ma hizmeti vermektedir.<\/p>\n<p>&nbsp;<\/p>\n<ul>\n<li><\/li>\n<\/ul>\n<\/div>\n<\/div>\n<\/div>\n<\/div>\n<\/div>\n<\/div>\n<\/div>\n<div id=\"cmsmasters_row_69f9ab6268993\" class=\"cmsmasters_row cmsmasters_color_scheme_default cmsmasters_row_top_default cmsmasters_row_bot_default cmsmasters_row_boxed\">\n<div class=\"cmsmasters_row_outer_parent\">\n<div class=\"cmsmasters_row_outer\">\n<div class=\"cmsmasters_row_inner\">\n<div class=\"cmsmasters_row_margin\">\n<div class=\"cmsmasters_column one_half\">\n<p><img decoding=\"async\" src=\"https:\/\/www.timelog.com.tr\/wp-content\/uploads\/2022\/02\/600x400_sisli_tir.jpg\" \/><\/p>\n<\/div>\n<div class=\"cmsmasters_column one_half\">\n<div class=\"cmsmasters_text\">\n<p>Timelog Lojistik;<\/p>\n<p>Tamam\u0131 \u00e7evre koruma standartlar\u0131na uygun ye\u015fil ve sessiz motor \u00f6zellikleri ve Uydu Takip sistemi ile donat\u0131lm\u0131\u015f olan \u00f6zmal ara\u00e7 filosuyla; Avrupa K\u0131tas\u0131na y\u00f6nelik komple\/parsiyel ta\u015f\u0131malar\u0131 uluslararas\u0131 karayolu nakliye rejimine uygun olarak ger\u00e7ekle\u015ftirmektedir.<\/p>\n<p>Timelog Lojistik;<\/p>\n<p>Almanya, Hollanda, Bel\u00e7ika, Avusturya, \u0130svi\u00e7re, \u0130talya ve \u0130ngiltere ba\u015fta olmak \u00fczere Fransa, Polonya, \u00c7ek Cumhuriyeti, \u0130skandinav \u00fclkeleri, Yunanistan, Bulgaristan, Romanya ve Macaristan dahil t\u00fcm Avrupa \u00fclkelerine haftal\u0131k d\u00fczenli olarak servis vermektedir.<\/p>\n<p>Ayr\u0131ca; terminli olan ihracat ve ithalat y\u00fcklemeleriniz i\u00e7in, havayoluna alternatif olan \u00f6zel minivan ara\u00e7lar\u0131m\u0131zla, Avrupa geneline\/ genelinden 36-48 saatte garantili teslimat imkan\u0131 sunmaktad\u0131r.<\/p>\n<\/div>\n<\/div>\n<\/div>\n<\/div>\n<\/div>\n<\/div>\n<\/div>\n<div id=\"cmsmasters_row_69f9ab6268b02\" class=\"cmsmasters_row cmsmasters_color_scheme_default cmsmasters_row_top_default cmsmasters_row_bot_default cmsmasters_row_boxed\">\n<div class=\"cmsmasters_row_outer_parent\">\n<div class=\"cmsmasters_row_outer\">\n<div class=\"cmsmasters_row_inner\">\n<div class=\"cmsmasters_row_margin\">\n<div class=\"cmsmasters_column one_first\">\n<div class=\"cmsmasters_text\">\n<p>Karayolu Ta\u015f\u0131mac\u0131l\u0131\u011f\u0131 Hizmetlerimiz;<\/p>\n<ul>\n<li>Avrupa geneline d\u00fczenli parsiyel(LTL) \/komple(FTL) ta\u015f\u0131ma<\/li>\n<li>Ekspres ta\u015f\u0131ma<\/li>\n<li>Tehlikeli madde ta\u015f\u0131mac\u0131l\u0131\u011f\u0131 (ADR\u2019 li)<\/li>\n<li>Gabari d\u0131\u015f\u0131 ta\u015f\u0131ma ve Proje ta\u015f\u0131mac\u0131l\u0131\u011f\u0131<\/li>\n<li>Ask\u0131l\u0131 tekstil ta\u015f\u0131ma<\/li>\n<li>Adresten al\u0131m, adrese teslim<\/li>\n<li>Yurtd\u0131\u015f\u0131 g\u00fcmr\u00fckleme i\u015flemleri<\/li>\n<li>Speedy service (Minivan)<\/li>\n<li>Cross ta\u015f\u0131ma hizmeti(Avrupa\u2019 dan Avrupa\u2019 ya)<\/li>\n<li>Transit ta\u015f\u0131ma hizmeti<\/li>\n<li>Sigorta hizmeti<\/li>\n<li>Depolama hizmetleri<\/li>\n<\/ul>\n<\/div>\n<\/div>\n<\/div>\n<\/div>\n<\/div>\n<\/div>\n<\/div>\n<div id=\"cmsmasters_row_69f9ab6268bf6\" class=\"cmsmasters_row cmsmasters_color_scheme_default cmsmasters_row_top_default cmsmasters_row_bot_default cmsmasters_row_boxed\">\n<div class=\"cmsmasters_row_outer_parent\">\n<div class=\"cmsmasters_row_outer\">\n<div class=\"cmsmasters_row_inner\">\n<div class=\"cmsmasters_row_margin\">\n<div class=\"cmsmasters_column one_first\">\n<div class=\"cmsmasters_text\">\n<h1><strong>S\u00d6Z\u00dcM\u00dcZ\u00dc TUTAR <span style=\"color: #ed1c24;\">G\u00dcVENLE TA\u015eIRIZ<\/span><\/strong><\/h1>\n<\/div>\n\n<div id=\"cmsmasters_divider_69f9ab626933b\" class=\"cmsmasters_divider cmsmasters_divider_width_long cmsmasters_divider_pos_center\"><\/div>\n<\/div>\n<\/div>\n<\/div>\n<\/div>\n<\/div>\n<\/div>\n<div id=\"cmsmasters_row_69f9ab6269372\" class=\"cmsmasters_row cmsmasters_color_scheme_default cmsmasters_row_top_default cmsmasters_row_bot_default cmsmasters_row_boxed\">\n<div class=\"cmsmasters_row_outer_parent\">\n<div class=\"cmsmasters_row_outer\">\n<div class=\"cmsmasters_row_inner\">\n<div class=\"cmsmasters_row_margin\">\n<div class=\"cmsmasters_column one_half\">\n\n<div id=\"cmsmasters_icon_box_69f9ab6269aa9\" class=\"cmsmasters_icon_box cmsmasters_icon_box_left_top box_icon_type_icon cmsmasters-icon-custom-10\">\n<div class=\"icon_box_inner\">\n<h3 class=\"icon_box_heading\">100% G\u00dcVENL\u0130 TEL\u0130MAT<\/h3>\n<div class=\"icon_box_text\">\n<p>\u0130thalat ve ihracat y\u00fcklerinizi tam zaman\u0131nda, h\u0131zl\u0131 ve %99,9 hasars\u0131zl\u0131k oran\u0131 ile teslim eden Timelog Lojistik, karayolu ta\u015f\u0131mac\u0131l\u0131\u011f\u0131nda g\u00fcvenilir \u00e7\u00f6z\u00fcm orta\u011f\u0131n\u0131zd\u0131r. <\/p>\n<\/div>\n<\/div>\n<\/div>\n\n<div id=\"cmsmasters_divider_69f9ab626a0fc\" class=\"cl\"><\/div>\n<div id=\"cmsmasters_icon_box_69f9ab626a71e\" class=\"cmsmasters_icon_box cmsmasters_icon_box_left_top box_icon_type_icon cmsmasters-icon-custom-18\">\n<div class=\"icon_box_inner\">\n<h3 class=\"icon_box_heading\">TAM ZAMANINDA<\/h3>\n<div class=\"icon_box_text\">\n<p>H\u0131za ihtiya\u00e7 duyan komple ya da parsiyel y\u00fckleriniz i\u00e7in Timelog Lojistik, ekspres ta\u015f\u0131ma alternatifleri ile i\u015finize kolayl\u0131k, ticaretinize de\u011fer katar.<\/p>\n<\/div>\n<\/div>\n<\/div>\n<\/div>\n<div class=\"cmsmasters_column one_half\">\n\n<div id=\"cmsmasters_icon_box_69f9ab626ad99\" class=\"cmsmasters_icon_box cmsmasters_icon_box_left_top box_icon_type_icon cmsmasters-icon-custom-01\">\n<div class=\"icon_box_inner\">\n<h3 class=\"icon_box_heading\">MODERN ARA\u00c7 F\u0130LOSU<\/h3>\n<div class=\"icon_box_text\">\n<p>Mobil ileti\u015fim sistemleri ile donat\u0131lm\u0131\u015f geni\u015f ara\u00e7 filosu, geli\u015fmi\u015f bilgi teknolojileriyle g\u00fc\u00e7lendirilmi\u015f altyap\u0131s\u0131 ve uzman kadrosuyla\u00a0 ta\u015f\u0131ma hizmeti vermektedir.<\/p>\n<\/div>\n<\/div>\n<\/div>\n\n<div id=\"cmsmasters_divider_69f9ab626b3bd\" class=\"cl\"><\/div>\n<div id=\"cmsmasters_icon_box_69f9ab626b9b9\" class=\"cmsmasters_icon_box cmsmasters_icon_box_left_top box_icon_type_icon cmsmasters-icon-custom-08\">\n<div class=\"icon_box_inner\">\n<h3 class=\"icon_box_heading\">ONLINE TAK\u0130P<\/h3>\n<div class=\"icon_box_text\">\n<p>Ara\u00e7lar ve y\u00fckler ger\u00e7ek zamanl\u0131 olarak harita \u00fczerinde takip edilebilir,Tahmini s\u00fcr\u00fc\u015f s\u00fcreleri ve kilometre bilgileri g\u00f6r\u00fcnt\u00fclenebilir,<\/p>\n<\/div>\n<\/div>\n<\/div>\n<\/div>\n<\/div>\n<\/div>\n<\/div>\n<\/div>\n<\/div>\n[\/vc_column_text][\/vc_column][\/vc_row]<\/p>\n","protected":false},"excerpt":{"rendered":"<p>[vc_row][vc_column][vc_column_text][\/vc_column_text][\/vc_column][\/vc_row]<\/p>\n","protected":false},"author":1,"featured_media":0,"parent":13,"menu_order":0,"comment_status":"closed","ping_status":"closed","template":"","meta":{"footnotes":""},"class_list":["post-6562","page","type-page","status-publish","hentry"],"_links":{"self":[{"href":"https:\/\/www.timelog.com.tr\/index.php?rest_route=\/wp\/v2\/pages\/6562","targetHints":{"allow":["GET"]}}],"collection":[{"href":"https:\/\/www.timelog.com.tr\/index.php?rest_route=\/wp\/v2\/pages"}],"about":[{"href":"https:\/\/www.timelog.com.tr\/index.php?rest_route=\/wp\/v2\/types\/page"}],"author":[{"embeddable":true,"href":"https:\/\/www.timelog.com.tr\/index.php?rest_route=\/wp\/v2\/users\/1"}],"replies":[{"embeddable":true,"href":"https:\/\/www.timelog.com.tr\/index.php?rest_route=%2Fwp%2Fv2%2Fcomments&post=6562"}],"version-history":[{"count":5,"href":"https:\/\/www.timelog.com.tr\/index.php?rest_route=\/wp\/v2\/pages\/6562\/revisions"}],"predecessor-version":[{"id":7759,"href":"https:\/\/www.timelog.com.tr\/index.php?rest_route=\/wp\/v2\/pages\/6562\/revisions\/7759"}],"up":[{"embeddable":true,"href":"https:\/\/www.timelog.com.tr\/index.php?rest_route=\/wp\/v2\/pages\/13"}],"wp:attachment":[{"href":"https:\/\/www.timelog.com.tr\/index.php?rest_route=%2Fwp%2Fv2%2Fmedia&parent=6562"}],"curies":[{"name":"wp","href":"https:\/\/api.w.org\/{rel}","templated":true}]}}